{"id":789,"date":"2018-07-12T18:12:09","date_gmt":"2018-07-12T16:12:09","guid":{"rendered":"http:\/\/www.konec.si\/?page_id=789"},"modified":"2026-02-13T16:15:36","modified_gmt":"2026-02-13T15:15:36","slug":"privacy-policy","status":"publish","type":"page","link":"https:\/\/www.konec.si\/en\/privacy-policy\/","title":{"rendered":"Privacy Policy"},"content":{"rendered":"<p>[et_pb_section fb_built=&#8221;1&#8243; admin_label=&#8221;section&#8221; _builder_version=&#8221;4.16&#8243; global_colors_info=&#8221;{}&#8221;][et_pb_row column_structure=&#8221;1_4,3_4&#8243; admin_label=&#8221;row&#8221; _builder_version=&#8221;4.27.4&#8243; background_size=&#8221;initial&#8221; background_position=&#8221;top_left&#8221; background_repeat=&#8221;repeat&#8221; hover_enabled=&#8221;0&#8243; global_colors_info=&#8221;{}&#8221; sticky_enabled=&#8221;0&#8243;][et_pb_column type=&#8221;1_4&#8243; _builder_version=&#8221;4.16&#8243; custom_padding=&#8221;|||&#8221; global_colors_info=&#8221;{}&#8221; custom_padding__hover=&#8221;|||&#8221;][et_pb_text admin_label=&#8221;Ponudnik&#8221; _builder_version=&#8221;4.27.4&#8243; background_size=&#8221;initial&#8221; background_position=&#8221;top_left&#8221; background_repeat=&#8221;repeat&#8221; hover_enabled=&#8221;0&#8243; use_border_color=&#8221;off&#8221; border_color=&#8221;#ffffff&#8221; border_style=&#8221;solid&#8221; global_colors_info=&#8221;{}&#8221; sticky_enabled=&#8221;0&#8243;]<\/p>\n<h4>Provider<\/h4>\n<p>KONEC d.o.o.<br \/>Poljubinj 119, 5220 Tolmin<br \/>Slovenia<\/p>\n<p>T +386 <span>31 627 718<\/span><br \/>E-mail <a href=\"mailto:dejan@konec.si\">dejan@konec.si<\/a><br \/>Website <a href=\"https:\/\/www.konec.si\">www.konec.si<\/a><\/p>\n<p>Registration No.: 6273947000<br \/>VAT ID: SI97836338<\/p>\n<p>[\/et_pb_text][et_pb_divider color=&#8221;#eeeeee&#8221; divider_position=&#8221;center&#8221; _builder_version=&#8221;4.16&#8243; height=&#8221;10px&#8221; hide_on_mobile=&#8221;off&#8221; global_colors_info=&#8221;{}&#8221;][\/et_pb_divider][\/et_pb_column][et_pb_column type=&#8221;3_4&#8243; _builder_version=&#8221;4.16&#8243; custom_padding=&#8221;|||&#8221; global_colors_info=&#8221;{}&#8221; custom_padding__hover=&#8221;|||&#8221;][et_pb_text admin_label=&#8221;Politika zasebnosti&#8221; _builder_version=&#8221;4.16&#8243; background_size=&#8221;initial&#8221; background_position=&#8221;top_left&#8221; background_repeat=&#8221;repeat&#8221; use_border_color=&#8221;off&#8221; border_color=&#8221;#ffffff&#8221; border_style=&#8221;solid&#8221; global_colors_info=&#8221;{}&#8221;]<\/p>\n<h2>Privacy Policy<\/h2>\n<p>Our privacy policy is compiled in accordance with the Consumer Protection Act and the Personal Data Protection Act. It determines the terms of use of the website www.konec.si, managed by KONEC d.o.o. (hereinafter referred to as the \u201cprovider\u201d) and the conditions for the processing of personal data collected by the provider.<br \/>\n[\/et_pb_text][et_pb_divider color=&#8221;#eeeeee&#8221; _builder_version=&#8221;4.16&#8243; hide_on_mobile=&#8221;off&#8221; global_colors_info=&#8221;{}&#8221;][\/et_pb_divider][et_pb_text admin_label=&#8221;Varovanje osebnih podatkov&#8221; _builder_version=&#8221;4.16&#8243; background_size=&#8221;initial&#8221; background_position=&#8221;top_left&#8221; background_repeat=&#8221;repeat&#8221; use_border_color=&#8221;off&#8221; border_color=&#8221;#ffffff&#8221; border_style=&#8221;solid&#8221; global_colors_info=&#8221;{}&#8221;]<\/p>\n<h4>Pesonal data protection<\/h4>\n<p>The provider collects clients\u2019 personal data through the website www.konec.si and processes them as personal data manager in accordance with the applicable legislation in the field of personal data protection.<\/p>\n<p>Our policy regarding personal data protection:<\/p>\n<ul>\n<li>We never give out information about our clients, we do not sell them and do not allow them to be processed by any third party.<\/li>\n<li>We store personal data as long as this is strictly necessary to fulfill the purpose for which it was collected or until the consent of the individual is revoked.<\/li>\n<li>We commit ourselves to the permanent protection of all personal information of our clients.<\/li>\n<li>Personal data is handled only by the authorized persons of the provider.<\/li>\n<li>In the future, the rules on the protection of personal data will be amended and supplemented in accordance with the amendments to the legislation in the area of the protection of personal data.<\/li>\n<\/ul>\n<p>[\/et_pb_text][et_pb_divider color=&#8221;#eeeeee&#8221; _builder_version=&#8221;4.16&#8243; hide_on_mobile=&#8221;off&#8221; global_colors_info=&#8221;{}&#8221;][\/et_pb_divider][et_pb_text admin_label=&#8221;Namen obdelave zbranih osebnih podatkov&#8221; _builder_version=&#8221;4.16&#8243; background_size=&#8221;initial&#8221; background_position=&#8221;top_left&#8221; background_repeat=&#8221;repeat&#8221; use_border_color=&#8221;off&#8221; border_color=&#8221;#ffffff&#8221; border_style=&#8221;solid&#8221; global_colors_info=&#8221;{}&#8221;]<\/p>\n<h4>Purpose of personal data processing<\/h4>\n<ul>\n<li>The provider will use personal data exclusively for the purpose for which it was collected and for which they have the consent for.<\/li>\n<li>Personal data of the clients who have consented to receiving our news and invitations will be notified through e-mail no more than once a month.<\/li>\n<li>Personal data of clients who sent us a message through the website\u2019s contact forms will be used exclusively for the response to the submitted request or inquiry.<\/li>\n<\/ul>\n<p>[\/et_pb_text][et_pb_divider color=&#8221;#eeeeee&#8221; _builder_version=&#8221;4.16&#8243; hide_on_mobile=&#8221;off&#8221; global_colors_info=&#8221;{}&#8221;][\/et_pb_divider][et_pb_text admin_label=&#8221;Postopek uveljavljanja pravic posameznika&#8221; _builder_version=&#8221;4.27.4&#8243; background_size=&#8221;initial&#8221; background_position=&#8221;top_left&#8221; background_repeat=&#8221;repeat&#8221; hover_enabled=&#8221;0&#8243; use_border_color=&#8221;off&#8221; border_color=&#8221;#ffffff&#8221; border_style=&#8221;solid&#8221; global_colors_info=&#8221;{}&#8221; sticky_enabled=&#8221;0&#8243;]<\/p>\n<h4>Procedure for enforcing the rights of the individual<\/h4>\n<ul>\n<li>For any information on the processing of personal data or your rights as a data subject (right of access, correction, deletion, processing restrictions, transferability and objection), you may contact the operator KONEC d.o.o., Poljubinj 119, SI-5220 Tolmin, by post, by e-mail to <a href=\"mailto:dejan@konec.si\">dejan@konec.si<\/a> or by phone +386 <span>31 627 718<\/span>.<\/li>\n<li>The operator will respond to your request, with which you exercise your rights in connection with personal data, without undue delay and no later than one month after receiving the request.<\/li>\n<li>For the purposes of reliable identification in the case of the exercise of rights in connection with personal data, the operator may request additional information from you and can only deny action if he proves that he can not reliably identify you.<\/li>\n<\/ul>\n<p>[\/et_pb_text][et_pb_divider color=&#8221;#eeeeee&#8221; _builder_version=&#8221;4.16&#8243; hide_on_mobile=&#8221;off&#8221; global_colors_info=&#8221;{}&#8221;][\/et_pb_divider][et_pb_text admin_label=&#8221;Odjava od obve\u0161\u010danja&#8221; _builder_version=&#8221;4.16&#8243; background_size=&#8221;initial&#8221; background_position=&#8221;top_left&#8221; background_repeat=&#8221;repeat&#8221; use_border_color=&#8221;off&#8221; border_color=&#8221;#ffffff&#8221; border_style=&#8221;solid&#8221; global_colors_info=&#8221;{}&#8221;]<\/p>\n<h4>Unsubscribing from notifications<\/h4>\n<ul>\n<li>You can unsubscribe from emails whenever you want, just by clicking on the unsubscribe link in the received e-mail. You can also send us your preferences in writing to the company address.<\/li>\n<li>If you still receive notifications, despite unsubscribing, we apologize and kindly ask you to notify us immediately.<\/li>\n<\/ul>\n<p>[\/et_pb_text][et_pb_divider color=&#8221;#eeeeee&#8221; _builder_version=&#8221;4.16&#8243; hide_on_mobile=&#8221;off&#8221; global_colors_info=&#8221;{}&#8221;][\/et_pb_divider][et_pb_text admin_label=&#8221;Pravica do prito\u017ebe&#8221; _builder_version=&#8221;4.16&#8243; background_size=&#8221;initial&#8221; background_position=&#8221;top_left&#8221; background_repeat=&#8221;repeat&#8221; use_border_color=&#8221;off&#8221; border_color=&#8221;#ffffff&#8221; border_style=&#8221;solid&#8221; global_colors_info=&#8221;{}&#8221;]<\/p>\n<h4>Right to appeal<\/h4>\n<p>If you believe that our processing of personal data violates the applicable legislation in the field of personal data protection, you have the right to file a complaint with the Information commissioner, to the address Informacijski poobla\u0161\u010denec, Zalo\u0161ka cesta\u00a059, 1000\u00a0Ljubljana, Slovenia, phone +386 1\u00a0230\u00a097\u00a030, e-mail\u00a0<a href=\"mailto:gp.ip@ip-rs.si\">gp.ip@ip-rs.si<\/a>.<br \/>\n[\/et_pb_text][\/et_pb_column][\/et_pb_row][\/et_pb_section]<\/p>\n","protected":false},"excerpt":{"rendered":"<p>Provider KONEC d.o.o.Poljubinj 119, 5220 TolminSlovenia T +386 31 627 718E-mail dejan@konec.siWebsite www.konec.si Registration No.: 6273947000VAT ID: SI97836338Privacy Policy Our privacy policy is compiled in accordance with the Consumer Protection Act and the Personal Data Protection Act. It determines the terms of use of the website www.konec.si, managed by KONEC d.o.o. (hereinafter referred to as [&hellip;]<\/p>\n","protected":false},"author":1,"featured_media":0,"parent":0,"menu_order":11,"comment_status":"closed","ping_status":"closed","template":"","meta":{"_et_pb_use_builder":"on","_et_pb_old_content":"","_et_gb_content_width":"","footnotes":""},"class_list":["post-789","page","type-page","status-publish","hentry"],"_links":{"self":[{"href":"https:\/\/www.konec.si\/en\/wp-json\/wp\/v2\/pages\/789","targetHints":{"allow":["GET"]}}],"collection":[{"href":"https:\/\/www.konec.si\/en\/wp-json\/wp\/v2\/pages"}],"about":[{"href":"https:\/\/www.konec.si\/en\/wp-json\/wp\/v2\/types\/page"}],"author":[{"embeddable":true,"href":"https:\/\/www.konec.si\/en\/wp-json\/wp\/v2\/users\/1"}],"replies":[{"embeddable":true,"href":"https:\/\/www.konec.si\/en\/wp-json\/wp\/v2\/comments?post=789"}],"version-history":[{"count":6,"href":"https:\/\/www.konec.si\/en\/wp-json\/wp\/v2\/pages\/789\/revisions"}],"predecessor-version":[{"id":895,"href":"https:\/\/www.konec.si\/en\/wp-json\/wp\/v2\/pages\/789\/revisions\/895"}],"wp:attachment":[{"href":"https:\/\/www.konec.si\/en\/wp-json\/wp\/v2\/media?parent=789"}],"curies":[{"name":"wp","href":"https:\/\/api.w.org\/{rel}","templated":true}]}}